{"id":127,"date":"2019-12-31T07:27:52","date_gmt":"2019-12-31T07:27:52","guid":{"rendered":"http:\/\/www.patiandpati.com\/?page_id=127"},"modified":"2024-10-09T05:33:07","modified_gmt":"2024-10-09T05:33:07","slug":"cast","status":"publish","type":"page","link":"http:\/\/www.patiandpati.com\/index.php\/cast\/","title":{"rendered":"CAST"},"content":{"rendered":"<div class=\"wp-block-image\">\n<figure class=\"aligncenter size-large\"><img loading=\"lazy\" width=\"1024\" height=\"405\" src=\"http:\/\/www.patiandpati.com\/wp-content\/uploads\/2024\/10\/GO\u0308KGRUP_LOGO-YENI-1536x641-1-1024x405.png\" alt=\"\" class=\"wp-image-1210\" srcset=\"http:\/\/www.patiandpati.com\/wp-content\/uploads\/2024\/10\/GO\u0308KGRUP_LOGO-YENI-1536x641-1-1024x405.png 1024w, http:\/\/www.patiandpati.com\/wp-content\/uploads\/2024\/10\/GO\u0308KGRUP_LOGO-YENI-1536x641-1-300x119.png 300w, http:\/\/www.patiandpati.com\/wp-content\/uploads\/2024\/10\/GO\u0308KGRUP_LOGO-YENI-1536x641-1-768x304.png 768w, http:\/\/www.patiandpati.com\/wp-content\/uploads\/2024\/10\/GO\u0308KGRUP_LOGO-YENI-1536x641-1-152x60.png 152w, http:\/\/www.patiandpati.com\/wp-content\/uploads\/2024\/10\/GO\u0308KGRUP_LOGO-YENI-1536x641-1.png 1536w\" sizes=\"(max-width: 1024px) 100vw, 1024px\" \/><\/figure><\/div>\n\n<div class=\"wp-block-image\">\n<figure class=\"aligncenter size-large is-resized\"><img loading=\"lazy\" src=\"http:\/\/www.patiandpati.com\/wp-content\/uploads\/2019\/12\/tv-6-animasyon-logo-1024x1013.png\" alt=\"\" class=\"wp-image-38\" width=\"472\" height=\"467\" srcset=\"http:\/\/www.patiandpati.com\/wp-content\/uploads\/2019\/12\/tv-6-animasyon-logo-1024x1013.png 1024w, http:\/\/www.patiandpati.com\/wp-content\/uploads\/2019\/12\/tv-6-animasyon-logo-300x297.png 300w, http:\/\/www.patiandpati.com\/wp-content\/uploads\/2019\/12\/tv-6-animasyon-logo-768x760.png 768w, http:\/\/www.patiandpati.com\/wp-content\/uploads\/2019\/12\/tv-6-animasyon-logo-1536x1519.png 1536w, http:\/\/www.patiandpati.com\/wp-content\/uploads\/2019\/12\/tv-6-animasyon-logo.png 1920w\" sizes=\"(max-width: 472px) 100vw, 472px\" \/><\/figure><\/div>\n\n<div class=\"wp-block-image\">\n<figure class=\"aligncenter size-large is-resized\"><img loading=\"lazy\" src=\"http:\/\/www.patiandpati.com\/wp-content\/uploads\/2022\/09\/WhatsApp-Image-2022-09-25-at-10.56.19-1-820x1024.jpeg\" alt=\"\" class=\"wp-image-1149\" width=\"445\" height=\"556\" srcset=\"http:\/\/www.patiandpati.com\/wp-content\/uploads\/2022\/09\/WhatsApp-Image-2022-09-25-at-10.56.19-1-820x1024.jpeg 820w, http:\/\/www.patiandpati.com\/wp-content\/uploads\/2022\/09\/WhatsApp-Image-2022-09-25-at-10.56.19-1-240x300.jpeg 240w, http:\/\/www.patiandpati.com\/wp-content\/uploads\/2022\/09\/WhatsApp-Image-2022-09-25-at-10.56.19-1-768x959.jpeg 768w, http:\/\/www.patiandpati.com\/wp-content\/uploads\/2022\/09\/WhatsApp-Image-2022-09-25-at-10.56.19-1.jpeg 1031w\" sizes=\"(max-width: 445px) 100vw, 445px\" \/><\/figure><\/div>\n\n\n<figure class=\"wp-block-image size-large\"><img loading=\"lazy\" width=\"719\" height=\"1024\" src=\"http:\/\/www.patiandpati.com\/wp-content\/uploads\/2022\/09\/WhatsApp-Image-2022-09-25-at-11.38.23-719x1024.jpeg\" alt=\"\" class=\"wp-image-1141\" srcset=\"http:\/\/www.patiandpati.com\/wp-content\/uploads\/2022\/09\/WhatsApp-Image-2022-09-25-at-11.38.23-719x1024.jpeg 719w, http:\/\/www.patiandpati.com\/wp-content\/uploads\/2022\/09\/WhatsApp-Image-2022-09-25-at-11.38.23-211x300.jpeg 211w, http:\/\/www.patiandpati.com\/wp-content\/uploads\/2022\/09\/WhatsApp-Image-2022-09-25-at-11.38.23-768x1094.jpeg 768w, http:\/\/www.patiandpati.com\/wp-content\/uploads\/2022\/09\/WhatsApp-Image-2022-09-25-at-11.38.23.jpeg 992w\" sizes=\"(max-width: 719px) 100vw, 719px\" \/><\/figure>\n\n\n\n<figure class=\"wp-block-image size-large\"><img loading=\"lazy\" width=\"722\" height=\"1024\" src=\"http:\/\/www.patiandpati.com\/wp-content\/uploads\/2022\/09\/WhatsApp-Image-2022-09-25-at-11.38.24-722x1024.jpeg\" alt=\"\" class=\"wp-image-1140\" srcset=\"http:\/\/www.patiandpati.com\/wp-content\/uploads\/2022\/09\/WhatsApp-Image-2022-09-25-at-11.38.24-722x1024.jpeg 722w, http:\/\/www.patiandpati.com\/wp-content\/uploads\/2022\/09\/WhatsApp-Image-2022-09-25-at-11.38.24-212x300.jpeg 212w, http:\/\/www.patiandpati.com\/wp-content\/uploads\/2022\/09\/WhatsApp-Image-2022-09-25-at-11.38.24-768x1089.jpeg 768w, http:\/\/www.patiandpati.com\/wp-content\/uploads\/2022\/09\/WhatsApp-Image-2022-09-25-at-11.38.24.jpeg 992w\" sizes=\"(max-width: 722px) 100vw, 722px\" \/><\/figure>\n\n\n\n<p class=\"has-text-align-center\"><strong>OYUNCULARIMIZ ALFABET\u0130K SIRAYLA D\u0130Z\u0130LM\u0130\u015eT\u0130R&#8230;<\/strong><\/p>\n","protected":false},"excerpt":{"rendered":"<p>OYUNCULARIMIZ ALFABET\u0130K SIRAYLA D\u0130Z\u0130LM\u0130\u015eT\u0130R&#8230;<\/p>\n","protected":false},"author":1,"featured_media":0,"parent":0,"menu_order":0,"comment_status":"closed","ping_status":"closed","template":"","meta":[],"_links":{"self":[{"href":"http:\/\/www.patiandpati.com\/index.php\/wp-json\/wp\/v2\/pages\/127"}],"collection":[{"href":"http:\/\/www.patiandpati.com\/index.php\/wp-json\/wp\/v2\/pages"}],"about":[{"href":"http:\/\/www.patiandpati.com\/index.php\/wp-json\/wp\/v2\/types\/page"}],"author":[{"embeddable":true,"href":"http:\/\/www.patiandpati.com\/index.php\/wp-json\/wp\/v2\/users\/1"}],"replies":[{"embeddable":true,"href":"http:\/\/www.patiandpati.com\/index.php\/wp-json\/wp\/v2\/comments?post=127"}],"version-history":[{"count":55,"href":"http:\/\/www.patiandpati.com\/index.php\/wp-json\/wp\/v2\/pages\/127\/revisions"}],"predecessor-version":[{"id":1212,"href":"http:\/\/www.patiandpati.com\/index.php\/wp-json\/wp\/v2\/pages\/127\/revisions\/1212"}],"wp:attachment":[{"href":"http:\/\/www.patiandpati.com\/index.php\/wp-json\/wp\/v2\/media?parent=127"}],"curies":[{"name":"wp","href":"https:\/\/api.w.org\/{rel}","templated":true}]}}