{"id":23,"date":"2019-12-30T22:33:06","date_gmt":"2019-12-30T22:33:06","guid":{"rendered":"http:\/\/www.patiandpati.com\/?page_id=23"},"modified":"2024-10-09T05:37:50","modified_gmt":"2024-10-09T05:37:50","slug":"dizinin-konusu","status":"publish","type":"page","link":"http:\/\/www.patiandpati.com\/","title":{"rendered":"D\u0130Z\u0130N\u0130N KONUSU"},"content":{"rendered":"\n<p>KONU&nbsp;&nbsp;&nbsp;&nbsp;&nbsp;&nbsp;&nbsp;&nbsp;&nbsp;&nbsp;&nbsp;&nbsp;&nbsp;&nbsp;&nbsp;&nbsp;&nbsp; : &nbsp;Hayvan hastanesinde \u00e7al\u0131\u015fan veteriner hekiminlerin g\u00fcndelik ya\u015fam\u0131ndan hareketle evcil ve evsiz hayvanlar\u0131 da merkezine alan karakter temelli mek\u00e2n-meslek hik\u00e2yelerinden olu\u015fur. Veteriner hekimlerin kendi ya\u015fam hik\u00e2yeleriyle beraber, tedaviye gelen acil ya da acil olmayan hayvanlar\u0131n tedavi s\u00fcre\u00e7leri ve iyile\u015fen halleriyle hik\u00e2yeler (pozitif) sonlan\u0131r.<\/p>\n\n\n\n<p>KARAKTERLER VE GENEL \u00d6ZELL\u0130KLER\u0130: <\/p>\n\n\n\n<p>BERK\n\u00c7ET\u0130NKAYA: 30-35 ya\u015flar\u0131nda sakin, sevecen, g\u00fcler y\u00fczl\u00fc, hayat doludur.\nArkada\u015flar\u0131 taraf\u0131ndan; i\u00e7ine Polyanna ka\u00e7m\u0131\u015f diye tan\u0131mlan\u0131r. Duygusal\nanlamda, di\u011fer iki kad\u0131n veteriner hekim aras\u0131nda gidip gelir. Asl\u0131nda,\nikisinden de ho\u015flan\u0131yor fakat karars\u0131z kalm\u0131\u015ft\u0131r hangisine a\u00e7\u0131laca\u011f\u0131\nnoktas\u0131nda. \u0130bre de hep bir kad\u0131ndan di\u011ferine kaymaktad\u0131r. Bunun nedeni de\nkad\u0131nlar\u0131n tutum ve davran\u0131\u015flar\u0131d\u0131r. Maddi durumu gayet iyi olmas\u0131na ra\u011fmen\nsadece, bu i\u015fi sevdi\u011fi i\u00e7in yapmaktad\u0131r. \u0130yi giyinir iyi bir arabas\u0131 olan ve\nl\u00fcks bir evde oturur.<\/p>\n\n\n\n<p>Hayvan\nhastanesinin di\u011fer iki kad\u0131n veteriner hekimleri HANDE ve ASLI\u2019d\u0131r. \u0130kisi de\nayn\u0131 okuldan mezun, s\u0131n\u0131f arkada\u015f\u0131d\u0131r ve 23-28 ya\u015flar\u0131 aras\u0131ndad\u0131r. &nbsp;Genel olarak iki hekim de g\u00fczel ve al\u0131md\u0131r.\nAyr\u0131ca i\u015flerini ve hayvanlar\u0131 da \u00e7ok seviyorlar. \u00d6zellikle evsiz hayvanlarla\nilgili \u00e7ok hassas olup bir\u00e7ok sosyal sorumluluk projesinde \u00f6n saflarda\nyerlerini al\u0131r. <\/p>\n\n\n\n<p>Hande ile\nAsl\u0131 hekim aileleriyle ya\u015far, kendi hallerinde orta \u015fekerli bir ya\u015famlar\u0131\nvard\u0131r fakat Asl\u0131, Handeye g\u00f6re daha fazla sosyal bir ki\u015fili\u011fe sahiptir.<\/p>\n\n\n\n<p>&nbsp;Asl\u0131 devaml\u0131 arkada\u015flar\u0131yla tak\u0131lan, havai\nyan\u0131 a\u011f\u0131r basan ve paras\u0131n\u0131 har vurup harman savuran bu nedenle zaman zaman\nmaddi s\u0131k\u0131nt\u0131lar ya\u015far. Al\u0131\u015fveri\u015f merakl\u0131s\u0131 ve ayakkab\u0131 delisidir Asl\u0131. Hande\nise Asl\u0131\u2019ya g\u00f6re daha az sosyal, genelde evde ailesiyle zaman ge\u00e7irir. Hande\nhep se\u00e7ici ve tak\u0131nt\u0131lar\u0131 olan ama kendini de e\u011fitmeye \u00e7al\u0131\u015fan biridir. Daha\n\u00e7ok okuyan ara\u015ft\u0131ran, bak\u0131ml\u0131 ama m\u00fctevaz\u0131 de biridir. M\u00fctevaz\u0131 giyinir, g\u00fczel,\nho\u015f bir kad\u0131nd\u0131r.<\/p>\n\n\n\n<p>AY\u015eEN:\nHayvan hastanesinin sahibidir. 45-50 ya\u015f aral\u0131\u011f\u0131nda, engellidir ve ya\u015fam\u0131n\u0131\ntekerlekli sandalyeye ba\u011fl\u0131 s\u00fcrd\u00fcr\u00fcyor. Y\u0131llar \u00f6nce bir hayvan kurtarma\noperasyonu s\u0131ras\u0131nda ya\u015fad\u0131\u011f\u0131 bir kaza sonucu iyile\u015fmi\u015f fakat, engelli\nkalm\u0131\u015ft\u0131r. Ay\u015fen yaln\u0131z ya\u015far ve evinde kedisiyle k\u00f6pe\u011fi vard\u0131r. Sentez bir\nkarakterdir, yani entelekt\u00fcel biridir ayn\u0131 zamanda geleneklerine de ba\u011fl\u0131d\u0131r.\nOperaya giden, resim sergisi vb k\u00fclt\u00fcrel faaliyetlerde bulunan ama Ramazan\nay\u0131nda orucunu da tutan biridir. Bu hastane onun her \u015feyidir.<\/p>\n\n\n\n<p>MEHMET\nDEM\u0130R: Hayvan hastanesinin temizlik g\u00f6revlisidir. 35-40 ya\u015flar\u0131 aras\u0131nda dizi\nkolik bir karakterdir. Neredeyse t\u00fcm dizi karakterlerini bilir \u00e7\u00fcnk\u00fc hepsini de\nseyrediyor hi\u00e7birini de ka\u00e7\u0131rm\u0131yor ve diziler aras\u0131nda ayr\u0131m da yapm\u0131yordur.\nE\u011fitimsiz bir hademe g\u00f6r\u00fcn\u00fcm\u00fcne sahip fakat genel k\u00fclt\u00fcr bilgisi son derece\niyi, ak\u0131ll\u0131 ama daha \u00e7ok kurnazl\u0131\u011fa kafas\u0131 \u00e7al\u0131\u015f\u0131r. Biraz sempatik ama komik\nbiridir. Adeta karikat\u00fcr dergisinden \u00e7\u0131k\u0131p gelmi\u015f karakter gibidir. B\u00fcy\u00fck\u00e7e\nb\u0131y\u0131\u011f\u0131 vard\u0131r. Herkesin s\u0131rda\u015f\u0131, herkesin en iyi dostu ve ak\u0131l hocas\u0131d\u0131r fakat\nhepsiyle aras\u0131n\u0131n iyi oldu\u011funu onlara hissettirmez, b\u00f6ylece onunla ileti\u015fim\nkuran di\u011fer karakterler de onun yan\u0131nda kendisini \u00f6zel hisseder. <\/p>\n\n\n\n<p>\u00c7A\u011eATAY:\nHayvan hastanesinin ambulans \u015fof\u00f6r\u00fcd\u00fcr. 30\u2019lu ya\u015flar\u0131n ortas\u0131ndad\u0131r. En \u00f6nemli\n\u00f6zelli\u011finden biri \u00c7a\u011fatay ismini sevmemesidir. Kendisine CEHOV denilmesini\nister. Bunu yapmayanlara da bir \u015fekilde kendisine CEHOV demelerini hat\u0131rlat\u0131r.\nBir ba\u015fka \u00f6zelli\u011fi de bu arkada\u015f\u0131n ya\u015f\u0131 80 li y\u0131llara yeti\u015fmese de, 80\u2019li\ny\u0131llar\u0131n etkisinde \u00e7ok fazla kalmaktad\u0131r. Hala o g\u00fcnlere ait m\u00fczikleri dinleyen\n\u00f6zellikle ambulansla bir yerden bir yere giderken hemen radyo kanallar\u0131ndan o\ntip m\u00fczikleri bulup a\u00e7ar. Ayr\u0131ca h\u00e2l\u00e2 80\u2019lerdeki gibi giyinen hippi g\u00f6r\u00fcn\u00fcml\u00fc\nde diyebilece\u011fimiz biridir. Her muhabbetin de muhakkak hep ge\u00e7mi\u015ften ve\neskilerden bahseder. Bir \u00f6zentilik s\u00f6z konusudur\u2026<\/p>\n\n\n\n<p>NOT: T\u00fcm karakterlerin en temel ortak \u00f6zelli\u011fi hayvan sever olmalar\u0131d\u0131r. Bu \u00f6zellik onlar\u0131 bir arada tutan, birbirlerini ho\u015f g\u00f6rmelerini sa\u011flayan en \u00f6nemli unsurdur. <\/p>\n\n\n\n<p><\/p>\n\n\n\n<figure class=\"wp-block-embed is-type-video is-provider-youtube wp-block-embed-youtube wp-embed-aspect-16-9 wp-has-aspect-ratio\"><div class=\"wp-block-embed__wrapper\">\n<iframe loading=\"lazy\" title=\"PAT\u0130 AND PAT\u0130 TANITIM\" width=\"790\" height=\"444\" src=\"https:\/\/www.youtube.com\/embed\/mQHi9Z-puJA?feature=oembed\" frameborder=\"0\" allow=\"accelerometer; autoplay; clipboard-write; encrypted-media; gyroscope; picture-in-picture; web-share\" allowfullscreen><\/iframe>\n<\/div><\/figure>\n\n\n<div class=\"wp-block-image\">\n<figure class=\"aligncenter size-large\"><img loading=\"lazy\" width=\"719\" height=\"1024\" src=\"http:\/\/www.patiandpati.com\/wp-content\/uploads\/2022\/09\/WhatsApp-Image-2022-09-25-at-11.38.23-719x1024.jpeg\" alt=\"\" class=\"wp-image-1141\" srcset=\"http:\/\/www.patiandpati.com\/wp-content\/uploads\/2022\/09\/WhatsApp-Image-2022-09-25-at-11.38.23-719x1024.jpeg 719w, http:\/\/www.patiandpati.com\/wp-content\/uploads\/2022\/09\/WhatsApp-Image-2022-09-25-at-11.38.23-211x300.jpeg 211w, http:\/\/www.patiandpati.com\/wp-content\/uploads\/2022\/09\/WhatsApp-Image-2022-09-25-at-11.38.23-768x1094.jpeg 768w, http:\/\/www.patiandpati.com\/wp-content\/uploads\/2022\/09\/WhatsApp-Image-2022-09-25-at-11.38.23.jpeg 992w\" sizes=\"(max-width: 719px) 100vw, 719px\" \/><\/figure><\/div>\n\n\n<p><\/p>\n\n\n<div class=\"wp-block-image\">\n<figure class=\"aligncenter size-large\"><img loading=\"lazy\" width=\"722\" height=\"1024\" src=\"http:\/\/www.patiandpati.com\/wp-content\/uploads\/2022\/09\/WhatsApp-Image-2022-09-25-at-11.38.24-722x1024.jpeg\" alt=\"\" class=\"wp-image-1140\" srcset=\"http:\/\/www.patiandpati.com\/wp-content\/uploads\/2022\/09\/WhatsApp-Image-2022-09-25-at-11.38.24-722x1024.jpeg 722w, http:\/\/www.patiandpati.com\/wp-content\/uploads\/2022\/09\/WhatsApp-Image-2022-09-25-at-11.38.24-212x300.jpeg 212w, http:\/\/www.patiandpati.com\/wp-content\/uploads\/2022\/09\/WhatsApp-Image-2022-09-25-at-11.38.24-768x1089.jpeg 768w, http:\/\/www.patiandpati.com\/wp-content\/uploads\/2022\/09\/WhatsApp-Image-2022-09-25-at-11.38.24.jpeg 992w\" sizes=\"(max-width: 722px) 100vw, 722px\" \/><\/figure><\/div>\n\n\n<figure class=\"wp-container-2 wp-block-gallery-1 wp-block-gallery has-nested-images columns-2 is-cropped\">\n<figure class=\"wp-block-image size-large\"><img loading=\"lazy\" width=\"1024\" height=\"681\" data-id=\"25\"  src=\"http:\/\/www.patiandpati.com\/wp-content\/uploads\/2019\/12\/2-1024x681.png\" alt=\"\" class=\"wp-image-25\" srcset=\"http:\/\/www.patiandpati.com\/wp-content\/uploads\/2019\/12\/2-1024x681.png 1024w, http:\/\/www.patiandpati.com\/wp-content\/uploads\/2019\/12\/2-300x200.png 300w, http:\/\/www.patiandpati.com\/wp-content\/uploads\/2019\/12\/2-768x511.png 768w, http:\/\/www.patiandpati.com\/wp-content\/uploads\/2019\/12\/2.png 1076w\" sizes=\"(max-width: 1024px) 100vw, 1024px\" \/><\/figure>\n\n\n\n<figure class=\"wp-block-image size-large\"><img loading=\"lazy\" width=\"960\" height=\"960\" data-id=\"26\"  src=\"http:\/\/www.patiandpati.com\/wp-content\/uploads\/2019\/12\/FB_IMG_1577383933609.jpg\" alt=\"\" class=\"wp-image-26\" srcset=\"http:\/\/www.patiandpati.com\/wp-content\/uploads\/2019\/12\/FB_IMG_1577383933609.jpg 960w, http:\/\/www.patiandpati.com\/wp-content\/uploads\/2019\/12\/FB_IMG_1577383933609-300x300.jpg 300w, http:\/\/www.patiandpati.com\/wp-content\/uploads\/2019\/12\/FB_IMG_1577383933609-150x150.jpg 150w, http:\/\/www.patiandpati.com\/wp-content\/uploads\/2019\/12\/FB_IMG_1577383933609-768x768.jpg 768w\" sizes=\"(max-width: 960px) 100vw, 960px\" \/><\/figure>\n\n\n\n<figure class=\"wp-block-image size-large\"><img loading=\"lazy\" width=\"960\" height=\"641\" data-id=\"27\"  src=\"http:\/\/www.patiandpati.com\/wp-content\/uploads\/2019\/12\/FB_IMG_1577383942694.jpg\" alt=\"\" class=\"wp-image-27\" srcset=\"http:\/\/www.patiandpati.com\/wp-content\/uploads\/2019\/12\/FB_IMG_1577383942694.jpg 960w, http:\/\/www.patiandpati.com\/wp-content\/uploads\/2019\/12\/FB_IMG_1577383942694-300x200.jpg 300w, http:\/\/www.patiandpati.com\/wp-content\/uploads\/2019\/12\/FB_IMG_1577383942694-768x513.jpg 768w\" sizes=\"(max-width: 960px) 100vw, 960px\" \/><\/figure>\n\n\n\n<figure class=\"wp-block-image size-large\"><img loading=\"lazy\" width=\"960\" height=\"641\" data-id=\"28\"  src=\"http:\/\/www.patiandpati.com\/wp-content\/uploads\/2019\/12\/FB_IMG_1577383949548.jpg\" alt=\"\" class=\"wp-image-28\" srcset=\"http:\/\/www.patiandpati.com\/wp-content\/uploads\/2019\/12\/FB_IMG_1577383949548.jpg 960w, http:\/\/www.patiandpati.com\/wp-content\/uploads\/2019\/12\/FB_IMG_1577383949548-300x200.jpg 300w, http:\/\/www.patiandpati.com\/wp-content\/uploads\/2019\/12\/FB_IMG_1577383949548-768x513.jpg 768w\" sizes=\"(max-width: 960px) 100vw, 960px\" \/><\/figure>\n<\/figure>\n\n\n<div class=\"wp-block-image\">\n<figure class=\"aligncenter size-large is-resized\"><img loading=\"lazy\" src=\"http:\/\/www.patiandpati.com\/wp-content\/uploads\/2022\/09\/WhatsApp-Image-2022-09-25-at-10.56.19-1-820x1024.jpeg\" alt=\"\" class=\"wp-image-1149\" width=\"625\" height=\"780\" srcset=\"http:\/\/www.patiandpati.com\/wp-content\/uploads\/2022\/09\/WhatsApp-Image-2022-09-25-at-10.56.19-1-820x1024.jpeg 820w, http:\/\/www.patiandpati.com\/wp-content\/uploads\/2022\/09\/WhatsApp-Image-2022-09-25-at-10.56.19-1-240x300.jpeg 240w, http:\/\/www.patiandpati.com\/wp-content\/uploads\/2022\/09\/WhatsApp-Image-2022-09-25-at-10.56.19-1-768x959.jpeg 768w, http:\/\/www.patiandpati.com\/wp-content\/uploads\/2022\/09\/WhatsApp-Image-2022-09-25-at-10.56.19-1.jpeg 1031w\" sizes=\"(max-width: 625px) 100vw, 625px\" \/><\/figure><\/div>\n\n\n<figure class=\"wp-block-image size-large\"><img loading=\"lazy\" width=\"1024\" height=\"666\" src=\"http:\/\/www.patiandpati.com\/wp-content\/uploads\/2022\/09\/WhatsApp-Image-2022-09-25-at-11.38.19-1024x666.jpeg\" alt=\"\" class=\"wp-image-1143\" srcset=\"http:\/\/www.patiandpati.com\/wp-content\/uploads\/2022\/09\/WhatsApp-Image-2022-09-25-at-11.38.19-1024x666.jpeg 1024w, http:\/\/www.patiandpati.com\/wp-content\/uploads\/2022\/09\/WhatsApp-Image-2022-09-25-at-11.38.19-300x195.jpeg 300w, http:\/\/www.patiandpati.com\/wp-content\/uploads\/2022\/09\/WhatsApp-Image-2022-09-25-at-11.38.19-768x500.jpeg 768w, http:\/\/www.patiandpati.com\/wp-content\/uploads\/2022\/09\/WhatsApp-Image-2022-09-25-at-11.38.19-1536x999.jpeg 1536w, http:\/\/www.patiandpati.com\/wp-content\/uploads\/2022\/09\/WhatsApp-Image-2022-09-25-at-11.38.19.jpeg 1600w\" sizes=\"(max-width: 1024px) 100vw, 1024px\" \/><\/figure>\n\n\n\n<figure class=\"wp-block-image size-large\"><img loading=\"lazy\" width=\"1024\" height=\"669\" src=\"http:\/\/www.patiandpati.com\/wp-content\/uploads\/2022\/09\/WhatsApp-Image-2022-09-25-at-11.38.19-1-1024x669.jpeg\" alt=\"\" class=\"wp-image-1142\" srcset=\"http:\/\/www.patiandpati.com\/wp-content\/uploads\/2022\/09\/WhatsApp-Image-2022-09-25-at-11.38.19-1-1024x669.jpeg 1024w, http:\/\/www.patiandpati.com\/wp-content\/uploads\/2022\/09\/WhatsApp-Image-2022-09-25-at-11.38.19-1-300x196.jpeg 300w, http:\/\/www.patiandpati.com\/wp-content\/uploads\/2022\/09\/WhatsApp-Image-2022-09-25-at-11.38.19-1-768x502.jpeg 768w, http:\/\/www.patiandpati.com\/wp-content\/uploads\/2022\/09\/WhatsApp-Image-2022-09-25-at-11.38.19-1-1536x1004.jpeg 1536w, http:\/\/www.patiandpati.com\/wp-content\/uploads\/2022\/09\/WhatsApp-Image-2022-09-25-at-11.38.19-1.jpeg 1600w\" sizes=\"(max-width: 1024px) 100vw, 1024px\" \/><\/figure>\n","protected":false},"excerpt":{"rendered":"<p>KONU&nbsp;&nbsp;&nbsp;&nbsp;&nbsp;&nbsp;&nbsp;&nbsp;&nbsp;&nbsp;&nbsp;&nbsp;&nbsp;&nbsp;&nbsp;&nbsp;&nbsp; : &nbsp;Hayvan hastanesinde \u00e7al\u0131\u015fan veteriner hekiminlerin g\u00fcndelik ya\u015fam\u0131ndan hareketle evcil ve evsiz hayvanlar\u0131 da merkezine alan karakter temelli mek\u00e2n-meslek hik\u00e2yelerinden olu\u015fur. Veteriner hekimlerin kendi ya\u015fam hik\u00e2yeleriyle beraber, tedaviye gelen acil ya da acil olmayan hayvanlar\u0131n tedavi s\u00fcre\u00e7leri ve iyile\u015fen halleriyle hik\u00e2yeler (pozitif) sonlan\u0131r. KARAKTERLER VE GENEL \u00d6ZELL\u0130KLER\u0130: BERK \u00c7ET\u0130NKAYA: 30-35 ya\u015flar\u0131nda sakin, sevecen, g\u00fcler &hellip; <\/p>\n","protected":false},"author":1,"featured_media":1140,"parent":0,"menu_order":0,"comment_status":"closed","ping_status":"closed","template":"","meta":[],"_links":{"self":[{"href":"http:\/\/www.patiandpati.com\/index.php\/wp-json\/wp\/v2\/pages\/23"}],"collection":[{"href":"http:\/\/www.patiandpati.com\/index.php\/wp-json\/wp\/v2\/pages"}],"about":[{"href":"http:\/\/www.patiandpati.com\/index.php\/wp-json\/wp\/v2\/types\/page"}],"author":[{"embeddable":true,"href":"http:\/\/www.patiandpati.com\/index.php\/wp-json\/wp\/v2\/users\/1"}],"replies":[{"embeddable":true,"href":"http:\/\/www.patiandpati.com\/index.php\/wp-json\/wp\/v2\/comments?post=23"}],"version-history":[{"count":28,"href":"http:\/\/www.patiandpati.com\/index.php\/wp-json\/wp\/v2\/pages\/23\/revisions"}],"predecessor-version":[{"id":1190,"href":"http:\/\/www.patiandpati.com\/index.php\/wp-json\/wp\/v2\/pages\/23\/revisions\/1190"}],"wp:featuredmedia":[{"embeddable":true,"href":"http:\/\/www.patiandpati.com\/index.php\/wp-json\/wp\/v2\/media\/1140"}],"wp:attachment":[{"href":"http:\/\/www.patiandpati.com\/index.php\/wp-json\/wp\/v2\/media?parent=23"}],"curies":[{"name":"wp","href":"https:\/\/api.w.org\/{rel}","templated":true}]}}