{"id":34,"date":"2019-12-30T22:45:58","date_gmt":"2019-12-30T22:45:58","guid":{"rendered":"http:\/\/www.patiandpati.com\/?page_id=34"},"modified":"2023-09-07T09:45:24","modified_gmt":"2023-09-07T09:45:24","slug":"hakkimizda","status":"publish","type":"page","link":"http:\/\/www.patiandpati.com\/index.php\/hakkimizda\/","title":{"rendered":"HAKKIMIZDA"},"content":{"rendered":"<div class=\"wp-block-image\">\n<figure class=\"aligncenter size-full\"><img loading=\"lazy\" width=\"942\" height=\"393\" src=\"http:\/\/www.patiandpati.com\/wp-content\/uploads\/2022\/09\/WhatsApp-Image-2022-09-25-at-10.56.19.jpeg\" alt=\"\" class=\"wp-image-1135\" srcset=\"http:\/\/www.patiandpati.com\/wp-content\/uploads\/2022\/09\/WhatsApp-Image-2022-09-25-at-10.56.19.jpeg 942w, http:\/\/www.patiandpati.com\/wp-content\/uploads\/2022\/09\/WhatsApp-Image-2022-09-25-at-10.56.19-300x125.jpeg 300w, http:\/\/www.patiandpati.com\/wp-content\/uploads\/2022\/09\/WhatsApp-Image-2022-09-25-at-10.56.19-768x320.jpeg 768w\" sizes=\"(max-width: 942px) 100vw, 942px\" \/><\/figure><\/div>\n\n\n<p>Merhaba,<\/p>\n\n\n\n<p>Uzun y\u0131llar sekt\u00f6rde \u00e7e\u015fitli departmanlarda g\u00f6rev alm\u0131\u015f profesyoneller, engelli dostlar\u0131m\u0131z ve profesyonel olmaya inanm\u0131\u015f arkada\u015flar\u0131m\u0131zla, sahip oldu\u011fumuz bilgi, birikim ve imkanlar\u0131m\u0131z\u0131 daha geni\u015f kitlelere yaymak faydal\u0131 olabilmek i\u00e7in kullanmam\u0131z\u0131n yararl\u0131 olaca\u011f\u0131n\u0131 biliyoruz ve buraday\u0131z\u2026 Sizlerleyiz\u2026 \u00c7ok keyifli\u2026<\/p>\n\n\n\n<p>Hepimizin vazge\u00e7ilmez hayalleri ve hedefleri vard\u0131r. Baz\u0131lar\u0131m\u0131z her yapt\u0131\u011f\u0131 i\u015fte ba\u015far\u0131l\u0131 olmak i\u00e7in u\u011fra\u015f\u0131r, baz\u0131lar\u0131m\u0131z yaln\u0131zca mutlu olmak ister. Hayallerinize, potansiyelinize, ba\u015far\u0131ya ve mutlulu\u011fa ula\u015fabilmeniz i\u00e7in yorulmadan sizin ad\u0131n\u0131za her ne g\u00f6rmek ya da okumak ya da ya\u015fam\u0131n\u0131z i\u00e7inde ne var olmas\u0131n\u0131 istiyorsan\u0131z en iyisini ula\u015ft\u0131rmak i\u00e7in \u00e7al\u0131\u015f\u0131yoruz, \u00e7al\u0131\u015faca\u011f\u0131z\u2026 \u00c7ok uzun bir yolumuz var\u2026<\/p>\n\n\n\n<p>Her yapt\u0131\u011f\u0131m\u0131z \u00e7al\u0131\u015fmalarla, T\u00fcrkiye\u2019de Dizi sekt\u00f6r\u00fcne yeni bir vizyon katmak, keyifle izlenecek takip edilecek, \u0131srarla aranacak g\u00f6rsellikleri sizlere sunmak istiyoruz\u2026 \u00c7ok profesyonel bir kadro olu\u015fturduk\u2026<\/p>\n\n\n\n<p>Ayr\u0131ca gen\u00e7 yeteneklere de yer vermeye ba\u015flad\u0131k\u2026 T\u00fcm hepimiz mutlu izleyici felsefesi d\u00e2hilinde izleyicilerimizin ihtiya\u00e7lar\u0131n\u0131 her zaman \u00f6n planda tutarak yerel ve ulusal bazl\u0131 projeler haz\u0131rl\u0131yoruz\u2026 Bu projeler seyircilerimizin i\u00e7 g\u00f6r\u00fcleri neticesinde olu\u015fturulup, keyif ile seyredecekleri  diziler, bunun yan\u0131nda hayatlar\u0131n\u0131 kolayla\u015ft\u0131r\u0131c\u0131 ve tasarruf ettirici \u00f6zellikleriyle temeli sayg\u0131 ve sevgi  olan projeler\u2026<\/p>\n\n\n\n<p>\u0130nsana sayg\u0131 misyonu ile yola \u00e7\u0131kan bizler, t\u00fcm faaliyetlerini bu \u00e7er\u00e7evede ger\u00e7ekle\u015ftirerek, \u00fcr\u00fcn ve hizmet kalitesinden \u00f6d\u00fcn vermeyecek ve her zaman okuyucu ihtiya\u00e7lar\u0131n\u0131 kendine k\u0131lavuz olarak belirleyecektir\u2026<\/p>\n\n\n\n<p>\u00c7ok \u00f6zel s\u00fcrprizler ile haz\u0131rl\u0131klar\u0131m\u0131z\u0131 tamaml\u0131yoruz\u2026 Bir \u00e7o\u011funu tamamlad\u0131k\u2026 Her projemizle sizleri \u015fa\u015f\u0131rtaca\u011f\u0131z\u2026 \u0130n\u015fallah \u00e7ok \u00e7e\u015fitli konularla birlikte olaca\u011f\u0131z\u2026<\/p>\n\n\n\n<p>Yola \u00e7\u0131karken dizi  sekt\u00f6r\u00fcnde \u00e7e\u015fitli alanlarda verilen hizmetler ile bir\u00e7ok de\u011fere katk\u0131da bulunmaya \u00e7al\u0131\u015fan bizler, bu g\u00f6revin \u00e7ok daha b\u00fcy\u00fck sorumluluklar getirdi\u011finin bilincindeyiz.<\/p>\n\n\n\n<p>Bizim \u00f6nceli\u011fimiz, bizi takip edenlerin mutlulu\u011fu. Dertlerin, sorunlar\u0131n, problemlerin \u00e7\u00f6z\u00fcm orta\u011f\u0131 olmakla birlikte t\u00fcm izleyicilerin dizilerimizi keyifle seyredenler olmalar\u0131n\u0131 sa\u011flamak  ve bir \u00e7ok konularda engelsiz bir yay\u0131m i\u00e7in, bireysel hak ve \u00f6zg\u00fcrl\u00fcklere sayg\u0131l\u0131, toplumsal geli\u015fimi destekleyen, g\u00fcvenilir, yenilik\u00e7i, tarafs\u0131z, dinamik bir anlay\u0131\u015fla bizimle birlikte olanlara sorumluluk g\u00fcvencesiyle, diziler \u00fcretmek  istiyoruz\u2026<\/p>\n\n\n\n<p>\u015eimdi  Pati &amp; Pati ile  sizlerleyiz\u2026 Sosyal medya kanallar\u0131 sayesinde diziler art\u0131k her yerde payla\u015f\u0131l\u0131yor, seyrediliyor ve daha \u00f6nemlisi daha geni\u015f kitlelere ula\u015f\u0131yor! Bu bizim hayatta ka\u00e7\u0131rmayaca\u011f\u0131m\u0131z bir meydan okumayd\u0131 ve b\u00f6ylece dizi sekt\u00f6r\u00fcnde de olmak istedik&#8230;<\/p>\n\n\n\n<p>Bizim \u00f6nceli\u011fimiz, izleyicilerimizin  mutlulu\u011fu\u2026 G\u00fcvenli, mutlu ve keyifli bir ya\u015fam ya\u015famalar\u0131 i\u00e7in var g\u00fcc\u00fcm\u00fczle \u00e7al\u0131\u015f\u0131yoruz\u2026 Bunun yan\u0131 s\u0131ra, farkl\u0131 sosyal sorumluluk projeleri ile toplumsal duyarl\u0131l\u0131k yaratmak i\u00e7in, \u201cSosyal Sorumluluk Projesi\u201d olarak d\u00fc\u015f\u00fcnd\u00fc\u011f\u00fcm\u00fcz bir\u00e7ok projeyi de hayata ge\u00e7iriyoruz\u2026<\/p>\n\n\n\n<p>G\u00f6rev kabul ediyoruz\u2026<\/p>\n\n\n\n<p>G\u00f6k Grup Kurumsal Hiz. Lid. \u015eti.<\/p>\n\n\n\n<p>Pati &amp; Pati S\u0130ZLERLE\u2026<\/p>\n\n\n\n<p>Sevgi, Mutluluk, Huzur, Sa\u011fl\u0131k, Ba\u015far\u0131lar diliyoruz\u2026<\/p>\n\n\n\n<figure class=\"wp-block-image size-large\"><img loading=\"lazy\" width=\"719\" height=\"1024\" src=\"http:\/\/www.patiandpati.com\/wp-content\/uploads\/2022\/09\/WhatsApp-Image-2022-09-25-at-11.38.23-719x1024.jpeg\" alt=\"\" class=\"wp-image-1141\" srcset=\"http:\/\/www.patiandpati.com\/wp-content\/uploads\/2022\/09\/WhatsApp-Image-2022-09-25-at-11.38.23-719x1024.jpeg 719w, http:\/\/www.patiandpati.com\/wp-content\/uploads\/2022\/09\/WhatsApp-Image-2022-09-25-at-11.38.23-211x300.jpeg 211w, http:\/\/www.patiandpati.com\/wp-content\/uploads\/2022\/09\/WhatsApp-Image-2022-09-25-at-11.38.23-768x1094.jpeg 768w, http:\/\/www.patiandpati.com\/wp-content\/uploads\/2022\/09\/WhatsApp-Image-2022-09-25-at-11.38.23.jpeg 992w\" sizes=\"(max-width: 719px) 100vw, 719px\" \/><\/figure>\n\n\n\n<figure class=\"wp-block-image size-large\"><img loading=\"lazy\" width=\"722\" height=\"1024\" src=\"http:\/\/www.patiandpati.com\/wp-content\/uploads\/2022\/09\/WhatsApp-Image-2022-09-25-at-11.38.24-722x1024.jpeg\" alt=\"\" class=\"wp-image-1140\" srcset=\"http:\/\/www.patiandpati.com\/wp-content\/uploads\/2022\/09\/WhatsApp-Image-2022-09-25-at-11.38.24-722x1024.jpeg 722w, http:\/\/www.patiandpati.com\/wp-content\/uploads\/2022\/09\/WhatsApp-Image-2022-09-25-at-11.38.24-212x300.jpeg 212w, http:\/\/www.patiandpati.com\/wp-content\/uploads\/2022\/09\/WhatsApp-Image-2022-09-25-at-11.38.24-768x1089.jpeg 768w, http:\/\/www.patiandpati.com\/wp-content\/uploads\/2022\/09\/WhatsApp-Image-2022-09-25-at-11.38.24.jpeg 992w\" sizes=\"(max-width: 722px) 100vw, 722px\" \/><\/figure>\n\n\n<div class=\"wp-block-image\">\n<figure class=\"aligncenter size-full\"><img loading=\"lazy\" width=\"942\" height=\"393\" src=\"http:\/\/www.patiandpati.com\/wp-content\/uploads\/2022\/09\/WhatsApp-Image-2022-09-25-at-10.56.19.jpeg\" alt=\"\" class=\"wp-image-1135\" srcset=\"http:\/\/www.patiandpati.com\/wp-content\/uploads\/2022\/09\/WhatsApp-Image-2022-09-25-at-10.56.19.jpeg 942w, http:\/\/www.patiandpati.com\/wp-content\/uploads\/2022\/09\/WhatsApp-Image-2022-09-25-at-10.56.19-300x125.jpeg 300w, http:\/\/www.patiandpati.com\/wp-content\/uploads\/2022\/09\/WhatsApp-Image-2022-09-25-at-10.56.19-768x320.jpeg 768w\" sizes=\"(max-width: 942px) 100vw, 942px\" \/><\/figure><\/div>\n\n<div class=\"wp-block-image\">\n<figure class=\"aligncenter size-large\"><img loading=\"lazy\" width=\"1024\" height=\"666\" src=\"http:\/\/www.patiandpati.com\/wp-content\/uploads\/2022\/09\/WhatsApp-Image-2022-09-25-at-11.38.19-1024x666.jpeg\" alt=\"\" class=\"wp-image-1143\" srcset=\"http:\/\/www.patiandpati.com\/wp-content\/uploads\/2022\/09\/WhatsApp-Image-2022-09-25-at-11.38.19-1024x666.jpeg 1024w, http:\/\/www.patiandpati.com\/wp-content\/uploads\/2022\/09\/WhatsApp-Image-2022-09-25-at-11.38.19-300x195.jpeg 300w, http:\/\/www.patiandpati.com\/wp-content\/uploads\/2022\/09\/WhatsApp-Image-2022-09-25-at-11.38.19-768x500.jpeg 768w, http:\/\/www.patiandpati.com\/wp-content\/uploads\/2022\/09\/WhatsApp-Image-2022-09-25-at-11.38.19-1536x999.jpeg 1536w, http:\/\/www.patiandpati.com\/wp-content\/uploads\/2022\/09\/WhatsApp-Image-2022-09-25-at-11.38.19.jpeg 1600w\" sizes=\"(max-width: 1024px) 100vw, 1024px\" \/><\/figure><\/div>\n\n\n<figure class=\"wp-block-image size-large\"><img loading=\"lazy\" width=\"1024\" height=\"669\" src=\"http:\/\/www.patiandpati.com\/wp-content\/uploads\/2022\/09\/WhatsApp-Image-2022-09-25-at-11.38.19-1-1024x669.jpeg\" alt=\"\" class=\"wp-image-1142\" srcset=\"http:\/\/www.patiandpati.com\/wp-content\/uploads\/2022\/09\/WhatsApp-Image-2022-09-25-at-11.38.19-1-1024x669.jpeg 1024w, http:\/\/www.patiandpati.com\/wp-content\/uploads\/2022\/09\/WhatsApp-Image-2022-09-25-at-11.38.19-1-300x196.jpeg 300w, http:\/\/www.patiandpati.com\/wp-content\/uploads\/2022\/09\/WhatsApp-Image-2022-09-25-at-11.38.19-1-768x502.jpeg 768w, http:\/\/www.patiandpati.com\/wp-content\/uploads\/2022\/09\/WhatsApp-Image-2022-09-25-at-11.38.19-1-1536x1004.jpeg 1536w, http:\/\/www.patiandpati.com\/wp-content\/uploads\/2022\/09\/WhatsApp-Image-2022-09-25-at-11.38.19-1.jpeg 1600w\" sizes=\"(max-width: 1024px) 100vw, 1024px\" \/><\/figure>\n","protected":false},"excerpt":{"rendered":"<p>Merhaba, Uzun y\u0131llar sekt\u00f6rde \u00e7e\u015fitli departmanlarda g\u00f6rev alm\u0131\u015f profesyoneller, engelli dostlar\u0131m\u0131z ve profesyonel olmaya inanm\u0131\u015f arkada\u015flar\u0131m\u0131zla, sahip oldu\u011fumuz bilgi, birikim ve imkanlar\u0131m\u0131z\u0131 daha geni\u015f kitlelere yaymak faydal\u0131 olabilmek i\u00e7in kullanmam\u0131z\u0131n yararl\u0131 olaca\u011f\u0131n\u0131 biliyoruz ve buraday\u0131z\u2026 Sizlerleyiz\u2026 \u00c7ok keyifli\u2026 Hepimizin vazge\u00e7ilmez hayalleri ve hedefleri vard\u0131r. Baz\u0131lar\u0131m\u0131z her yapt\u0131\u011f\u0131 i\u015fte ba\u015far\u0131l\u0131 olmak i\u00e7in u\u011fra\u015f\u0131r, baz\u0131lar\u0131m\u0131z yaln\u0131zca mutlu &hellip; <\/p>\n","protected":false},"author":1,"featured_media":0,"parent":0,"menu_order":0,"comment_status":"closed","ping_status":"closed","template":"","meta":[],"_links":{"self":[{"href":"http:\/\/www.patiandpati.com\/index.php\/wp-json\/wp\/v2\/pages\/34"}],"collection":[{"href":"http:\/\/www.patiandpati.com\/index.php\/wp-json\/wp\/v2\/pages"}],"about":[{"href":"http:\/\/www.patiandpati.com\/index.php\/wp-json\/wp\/v2\/types\/page"}],"author":[{"embeddable":true,"href":"http:\/\/www.patiandpati.com\/index.php\/wp-json\/wp\/v2\/users\/1"}],"replies":[{"embeddable":true,"href":"http:\/\/www.patiandpati.com\/index.php\/wp-json\/wp\/v2\/comments?post=34"}],"version-history":[{"count":13,"href":"http:\/\/www.patiandpati.com\/index.php\/wp-json\/wp\/v2\/pages\/34\/revisions"}],"predecessor-version":[{"id":1158,"href":"http:\/\/www.patiandpati.com\/index.php\/wp-json\/wp\/v2\/pages\/34\/revisions\/1158"}],"wp:attachment":[{"href":"http:\/\/www.patiandpati.com\/index.php\/wp-json\/wp\/v2\/media?parent=34"}],"curies":[{"name":"wp","href":"https:\/\/api.w.org\/{rel}","templated":true}]}}