{"id":92,"date":"2019-12-30T23:59:55","date_gmt":"2019-12-30T23:59:55","guid":{"rendered":"http:\/\/www.patiandpati.com\/?page_id=92"},"modified":"2024-10-09T05:34:03","modified_gmt":"2024-10-09T05:34:03","slug":"iletisim","status":"publish","type":"page","link":"http:\/\/www.patiandpati.com\/index.php\/iletisim\/","title":{"rendered":"\u0130LET\u0130\u015e\u0130M"},"content":{"rendered":"<div class=\"wp-block-image\">\n<figure class=\"aligncenter size-large\"><img loading=\"lazy\" width=\"1024\" height=\"405\" src=\"http:\/\/www.patiandpati.com\/wp-content\/uploads\/2024\/10\/GO\u0308KGRUP_LOGO-YENI-1536x641-1-1024x405.png\" alt=\"\" class=\"wp-image-1210\" srcset=\"http:\/\/www.patiandpati.com\/wp-content\/uploads\/2024\/10\/GO\u0308KGRUP_LOGO-YENI-1536x641-1-1024x405.png 1024w, http:\/\/www.patiandpati.com\/wp-content\/uploads\/2024\/10\/GO\u0308KGRUP_LOGO-YENI-1536x641-1-300x119.png 300w, http:\/\/www.patiandpati.com\/wp-content\/uploads\/2024\/10\/GO\u0308KGRUP_LOGO-YENI-1536x641-1-768x304.png 768w, http:\/\/www.patiandpati.com\/wp-content\/uploads\/2024\/10\/GO\u0308KGRUP_LOGO-YENI-1536x641-1-152x60.png 152w, http:\/\/www.patiandpati.com\/wp-content\/uploads\/2024\/10\/GO\u0308KGRUP_LOGO-YENI-1536x641-1.png 1536w\" sizes=\"(max-width: 1024px) 100vw, 1024px\" \/><\/figure><\/div>\n\n\n<figure class=\"wp-block-image size-full\"><img loading=\"lazy\" width=\"942\" height=\"393\" src=\"http:\/\/www.patiandpati.com\/wp-content\/uploads\/2022\/09\/WhatsApp-Image-2022-09-25-at-10.56.19.jpeg\" alt=\"\" class=\"wp-image-1135\" srcset=\"http:\/\/www.patiandpati.com\/wp-content\/uploads\/2022\/09\/WhatsApp-Image-2022-09-25-at-10.56.19.jpeg 942w, http:\/\/www.patiandpati.com\/wp-content\/uploads\/2022\/09\/WhatsApp-Image-2022-09-25-at-10.56.19-300x125.jpeg 300w, http:\/\/www.patiandpati.com\/wp-content\/uploads\/2022\/09\/WhatsApp-Image-2022-09-25-at-10.56.19-768x320.jpeg 768w\" sizes=\"(max-width: 942px) 100vw, 942px\" \/><\/figure>\n\n\n<div class=\"wp-block-image\">\n<figure class=\"aligncenter size-large is-resized\"><img loading=\"lazy\" src=\"http:\/\/www.patiandpati.com\/wp-content\/uploads\/2019\/12\/tv-6-animasyon-logo-1024x1013.png\" alt=\"\" class=\"wp-image-38\" width=\"479\" height=\"473\" srcset=\"http:\/\/www.patiandpati.com\/wp-content\/uploads\/2019\/12\/tv-6-animasyon-logo-1024x1013.png 1024w, http:\/\/www.patiandpati.com\/wp-content\/uploads\/2019\/12\/tv-6-animasyon-logo-300x297.png 300w, http:\/\/www.patiandpati.com\/wp-content\/uploads\/2019\/12\/tv-6-animasyon-logo-768x760.png 768w, http:\/\/www.patiandpati.com\/wp-content\/uploads\/2019\/12\/tv-6-animasyon-logo-1536x1519.png 1536w, http:\/\/www.patiandpati.com\/wp-content\/uploads\/2019\/12\/tv-6-animasyon-logo.png 1920w\" sizes=\"(max-width: 479px) 100vw, 479px\" \/><\/figure><\/div>\n\n\n<h2>\u0130LET\u0130\u015e\u0130M B\u0130LG\u0130LER\u0130<\/h2>\n\n\n\n<h3><strong>WhatsApp :  0542 5414208<\/strong><\/h3>\n\n\n\n<h3><strong>\u015eirket GSM : 0542 541 4208<\/strong><\/h3>\n\n\n\n<h3><strong>Adres : \u00d6rnekMah. \u015eehit Cahar Dudayev Cad. No:10 D.1 ATA\u015eEH\u0130R \u0130STANBU<\/strong>L<\/h3>\n\n\n\n<h3><strong>e-mail : <\/strong>destek@patiandpati<\/h3>\n\n\n<div class=\"wp-block-image\">\n<figure class=\"aligncenter size-large\"><img loading=\"lazy\" width=\"300\" height=\"300\" src=\"http:\/\/www.patiandpati.com\/wp-content\/uploads\/2019\/12\/unnamed-1-300x300-1.png\" alt=\"\" class=\"wp-image-105\" srcset=\"http:\/\/www.patiandpati.com\/wp-content\/uploads\/2019\/12\/unnamed-1-300x300-1.png 300w, http:\/\/www.patiandpati.com\/wp-content\/uploads\/2019\/12\/unnamed-1-300x300-1-150x150.png 150w\" sizes=\"(max-width: 300px) 100vw, 300px\" \/><figcaption><strong>EN KOLAY ULA\u015eIM \u0130\u00c7\u0130N TIKLAYINIZ&#8230;<\/strong><\/figcaption><\/figure><\/div>","protected":false},"excerpt":{"rendered":"<p>\u0130LET\u0130\u015e\u0130M B\u0130LG\u0130LER\u0130 WhatsApp : 0542 5414208 \u015eirket GSM : 0542 541 4208 Adres : \u00d6rnekMah. \u015eehit Cahar Dudayev Cad. No:10 D.1 ATA\u015eEH\u0130R \u0130STANBUL e-mail : destek@patiandpati<\/p>\n","protected":false},"author":1,"featured_media":0,"parent":0,"menu_order":0,"comment_status":"closed","ping_status":"closed","template":"","meta":[],"_links":{"self":[{"href":"http:\/\/www.patiandpati.com\/index.php\/wp-json\/wp\/v2\/pages\/92"}],"collection":[{"href":"http:\/\/www.patiandpati.com\/index.php\/wp-json\/wp\/v2\/pages"}],"about":[{"href":"http:\/\/www.patiandpati.com\/index.php\/wp-json\/wp\/v2\/types\/page"}],"author":[{"embeddable":true,"href":"http:\/\/www.patiandpati.com\/index.php\/wp-json\/wp\/v2\/users\/1"}],"replies":[{"embeddable":true,"href":"http:\/\/www.patiandpati.com\/index.php\/wp-json\/wp\/v2\/comments?post=92"}],"version-history":[{"count":12,"href":"http:\/\/www.patiandpati.com\/index.php\/wp-json\/wp\/v2\/pages\/92\/revisions"}],"predecessor-version":[{"id":1213,"href":"http:\/\/www.patiandpati.com\/index.php\/wp-json\/wp\/v2\/pages\/92\/revisions\/1213"}],"wp:attachment":[{"href":"http:\/\/www.patiandpati.com\/index.php\/wp-json\/wp\/v2\/media?parent=92"}],"curies":[{"name":"wp","href":"https:\/\/api.w.org\/{rel}","templated":true}]}}